{"id":113,"date":"2024-02-12T16:20:37","date_gmt":"2024-02-12T19:20:37","guid":{"rendered":"http:\/\/azevedopremoldados.com.br\/site\/?page_id=113"},"modified":"2024-04-29T19:21:03","modified_gmt":"2024-04-29T22:21:03","slug":"telasepecastecnicas_us","status":"publish","type":"page","link":"https:\/\/azevedopremoldados.com.br\/?page_id=113","title":{"rendered":"Telas e\u00a0pe\u00e7as\u00a0t\u00e9cnicas"},"content":{"rendered":"\t\t<div data-elementor-type=\"wp-page\" data-elementor-id=\"113\" class=\"elementor elementor-113\" data-elementor-post-type=\"page\">\n\t\t\t\t<div class=\"elementor-element elementor-element-9087d9f e-flex e-con-boxed e-con e-parent\" data-id=\"9087d9f\" data-element_type=\"container\">\n\t\t\t\t\t<div class=\"e-con-inner\">\n\t\t<div class=\"elementor-element elementor-element-0248a27 e-con-full e-flex e-con e-child\" data-id=\"0248a27\" data-element_type=\"container\">\n\t\t\t\t<\/div>\n\t\t<div class=\"elementor-element elementor-element-c42a12a e-con-full e-flex e-con e-child\" data-id=\"c42a12a\" data-element_type=\"container\">\n\t\t\t\t<\/div>\n\t\t\t\t\t<\/div>\n\t\t\t\t<\/div>\n\t\t<div class=\"elementor-element elementor-element-79e17c3 e-flex e-con-boxed e-con e-parent\" data-id=\"79e17c3\" data-element_type=\"container\">\n\t\t\t\t\t<div class=\"e-con-inner\">\n\t\t\t\t<div class=\"elementor-element elementor-element-5d63558 elementor-widget elementor-widget-heading\" data-id=\"5d63558\" data-element_type=\"widget\" data-widget_type=\"heading.default\">\n\t\t\t\t\t<h2 class=\"elementor-heading-title elementor-size-default\">Pe\u00e7as Termicas<\/h2>\t\t\t\t<\/div>\n\t\t\t\t\t<\/div>\n\t\t\t\t<\/div>\n\t\t<div class=\"elementor-element elementor-element-d72d221 e-flex e-con-boxed e-con e-parent\" data-id=\"d72d221\" data-element_type=\"container\">\n\t\t\t\t\t<div class=\"e-con-inner\">\n\t\t\t\t<div class=\"elementor-element elementor-element-eab06a5 elementor-widget elementor-widget-heading\" data-id=\"eab06a5\" data-element_type=\"widget\" data-widget_type=\"heading.default\">\n\t\t\t\t\t<h2 class=\"elementor-heading-title elementor-size-default\">Telhas termoac\u00fasticas<\/h2>\t\t\t\t<\/div>\n\t\t\t\t\t<\/div>\n\t\t\t\t<\/div>\n\t\t<div class=\"elementor-element elementor-element-6bb4cad e-flex e-con-boxed e-con e-parent\" data-id=\"6bb4cad\" data-element_type=\"container\">\n\t\t\t\t\t<div class=\"e-con-inner\">\n\t\t\t\t<div class=\"elementor-element elementor-element-b41d80b elementor-widget elementor-widget-text-editor\" data-id=\"b41d80b\" data-element_type=\"widget\" data-widget_type=\"text-editor.default\">\n\t\t\t\t\t\t\t\t\t<p>A alta tecnologia empregada no processo de fabrica\u00e7\u00e3o, resulta em um produto de vanguarda que apresenta in\u00fameras vantagens em rela\u00e7\u00e3o \u00e0s telhas convencionais.<\/p><p>Antes de executar o projeto de cobertura de sua obra ou reforma, fale com os profissionais da AZEVEDO e garanta os melhores resultados para o seu investimento.<\/p><p>As telhas termoac\u00fasticas da AZEVEDO s\u00e3o de diversas espessuras que se aplicam a qualquer tipo de constru\u00e7\u00e3o residencial, comercial ou industrial, proporcionando economia e agilidade durante a constru\u00e7\u00e3o, conforto e bem estar depois da obra pronta.<\/p><p><strong>Placas em EPS<\/strong><br \/>Converse com a equipe da AZEVEDO quando for projetar seus ambientes funcionais; sempre vai haver uma solu\u00e7\u00e3o pr\u00e1tica e eficiente para as necessidades do seu empreendimento.<\/p><p>A versatilidade deste material permite uma grande variedade de aplica\u00e7\u00f5es comerciais.<\/p><p>As placas em EPS possuem excelentes propriedades t\u00e9rmicas e ac\u00fasticas, caracter\u00edsticas que favorecem sua utiliza\u00e7\u00e3o nos mais diversos setores da ind\u00fastria e da constru\u00e7\u00e3o civil.<\/p><p>S\u00e3o produzidas em espessuras variadas para se adequarem \u00e0s necessidades de cada aplica\u00e7\u00e3o e permitem f\u00e1cil adapta\u00e7\u00e3o atrav\u00e9s de recortes simples, r\u00e1pidos e precisos.<\/p><p>As placas em EPS da AZEVEDO foram projetadas para trazer solu\u00e7\u00f5es em controle t\u00e9rmico de ambientes, em impermeabiliza\u00e7\u00e3o e veda\u00e7\u00e3o contra umidade e tamb\u00e9m em instala\u00e7\u00f5es de juntas de dilata\u00e7\u00e3o entre os mais diversos materiais.<\/p><p>A tecnologia envolvida na produ\u00e7\u00e3o das placas em EPS da AZEVEDO garante a qualidade dos produtos e a din\u00e2mica de trabalho, desde o planejamento at\u00e9 o acabamento da obra, passando pela facilidade de transporte, manuseio e estocagem do material durante o processo de reforma ou constru\u00e7\u00e3o.<\/p>\t\t\t\t\t\t\t\t<\/div>\n\t\t\t\t\t<\/div>\n\t\t\t\t<\/div>\n\t\t<div class=\"elementor-element elementor-element-882f81f e-flex e-con-boxed e-con e-parent\" data-id=\"882f81f\" data-element_type=\"container\">\n\t\t\t\t\t<div class=\"e-con-inner\">\n\t\t\t\t<div class=\"elementor-element elementor-element-aaf33ae elementor-arrows-position-inside elementor-pagination-position-outside elementor-widget elementor-widget-image-carousel\" data-id=\"aaf33ae\" data-element_type=\"widget\" data-settings=\"{&quot;slides_to_show&quot;:&quot;1&quot;,&quot;navigation&quot;:&quot;both&quot;,&quot;autoplay&quot;:&quot;yes&quot;,&quot;pause_on_hover&quot;:&quot;yes&quot;,&quot;pause_on_interaction&quot;:&quot;yes&quot;,&quot;autoplay_speed&quot;:5000,&quot;infinite&quot;:&quot;yes&quot;,&quot;effect&quot;:&quot;slide&quot;,&quot;speed&quot;:500}\" data-widget_type=\"image-carousel.default\">\n\t\t\t\t\t\t\t<div class=\"elementor-image-carousel-wrapper swiper\" role=\"region\" aria-roledescription=\"carousel\" aria-label=\"Carrossel de imagens\" dir=\"ltr\">\n\t\t\t<div class=\"elementor-image-carousel swiper-wrapper\" aria-live=\"off\">\n\t\t\t\t\t\t\t\t<div class=\"swiper-slide\" role=\"group\" aria-roledescription=\"slide\" aria-label=\"1 de 11\"><figure class=\"swiper-slide-inner\"><img decoding=\"async\" class=\"swiper-slide-image\" src=\"https:\/\/azevedopremoldados.com.br\/wp-content\/uploads\/2024\/04\/WhatsApp-Image-2024-04-26-at-10.20.45-4-768x778.jpeg\" alt=\"WhatsApp Image 2024-04-26 at 10.20.45\" \/><\/figure><\/div><div class=\"swiper-slide\" role=\"group\" aria-roledescription=\"slide\" aria-label=\"2 de 11\"><figure class=\"swiper-slide-inner\"><img decoding=\"async\" class=\"swiper-slide-image\" src=\"https:\/\/azevedopremoldados.com.br\/wp-content\/uploads\/2024\/04\/WhatsApp-Image-2024-04-26-at-10.20.44-2-768x778.jpeg\" alt=\"WhatsApp Image 2024-04-26 at 10.20.44\" \/><\/figure><\/div><div class=\"swiper-slide\" role=\"group\" aria-roledescription=\"slide\" aria-label=\"3 de 11\"><figure class=\"swiper-slide-inner\"><img decoding=\"async\" class=\"swiper-slide-image\" src=\"https:\/\/azevedopremoldados.com.br\/wp-content\/uploads\/2024\/04\/WhatsApp-Image-2024-04-26-at-10.20.44-1-1-768x778.jpeg\" alt=\"WhatsApp Image 2024-04-26 at 10.20.44 (1)\" \/><\/figure><\/div><div class=\"swiper-slide\" role=\"group\" aria-roledescription=\"slide\" aria-label=\"4 de 11\"><figure class=\"swiper-slide-inner\"><img decoding=\"async\" class=\"swiper-slide-image\" src=\"https:\/\/azevedopremoldados.com.br\/wp-content\/uploads\/2024\/04\/WhatsApp-Image-2024-04-26-at-10.16.34-1-768x778.jpeg\" alt=\"WhatsApp Image 2024-04-26 at 10.16.34\" \/><\/figure><\/div><div class=\"swiper-slide\" role=\"group\" aria-roledescription=\"slide\" aria-label=\"5 de 11\"><figure class=\"swiper-slide-inner\"><img decoding=\"async\" class=\"swiper-slide-image\" src=\"https:\/\/azevedopremoldados.com.br\/wp-content\/uploads\/2024\/04\/WhatsApp-Image-2024-04-26-at-10.16.33-2-768x778.jpeg\" alt=\"WhatsApp Image 2024-04-26 at 10.16.33\" \/><\/figure><\/div><div class=\"swiper-slide\" role=\"group\" aria-roledescription=\"slide\" aria-label=\"6 de 11\"><figure class=\"swiper-slide-inner\"><img decoding=\"async\" class=\"swiper-slide-image\" src=\"https:\/\/azevedopremoldados.com.br\/wp-content\/uploads\/2024\/04\/WhatsApp-Image-2024-04-26-at-10.16.33-1-1-768x778.jpeg\" alt=\"WhatsApp Image 2024-04-26 at 10.16.33 (1)\" \/><\/figure><\/div><div class=\"swiper-slide\" role=\"group\" aria-roledescription=\"slide\" aria-label=\"7 de 11\"><figure class=\"swiper-slide-inner\"><img decoding=\"async\" class=\"swiper-slide-image\" src=\"https:\/\/azevedopremoldados.com.br\/wp-content\/uploads\/2024\/04\/WhatsApp-Image-2024-04-26-at-10.42.46-5-768x778.jpeg\" alt=\"WhatsApp Image 2024-04-26 at 10.42.46\" \/><\/figure><\/div><div class=\"swiper-slide\" role=\"group\" aria-roledescription=\"slide\" aria-label=\"8 de 11\"><figure class=\"swiper-slide-inner\"><img decoding=\"async\" class=\"swiper-slide-image\" src=\"https:\/\/azevedopremoldados.com.br\/wp-content\/uploads\/2024\/04\/WhatsApp-Image-2024-04-26-at-10.42.46-4-1-768x778.jpeg\" alt=\"WhatsApp Image 2024-04-26 at 10.42.46 (4)\" \/><\/figure><\/div><div class=\"swiper-slide\" role=\"group\" aria-roledescription=\"slide\" aria-label=\"9 de 11\"><figure class=\"swiper-slide-inner\"><img decoding=\"async\" class=\"swiper-slide-image\" src=\"https:\/\/azevedopremoldados.com.br\/wp-content\/uploads\/2024\/04\/WhatsApp-Image-2024-04-26-at-10.42.46-2-1-768x778.jpeg\" alt=\"WhatsApp Image 2024-04-26 at 10.42.46 (2)\" \/><\/figure><\/div><div class=\"swiper-slide\" role=\"group\" aria-roledescription=\"slide\" aria-label=\"10 de 11\"><figure class=\"swiper-slide-inner\"><img decoding=\"async\" class=\"swiper-slide-image\" src=\"https:\/\/azevedopremoldados.com.br\/wp-content\/uploads\/2024\/04\/WhatsApp-Image-2024-04-26-at-10.42.46-1-1-768x778.jpeg\" alt=\"WhatsApp Image 2024-04-26 at 10.42.46 (1)\" \/><\/figure><\/div><div class=\"swiper-slide\" role=\"group\" aria-roledescription=\"slide\" aria-label=\"11 de 11\"><figure class=\"swiper-slide-inner\"><img decoding=\"async\" class=\"swiper-slide-image\" src=\"https:\/\/azevedopremoldados.com.br\/wp-content\/uploads\/2024\/04\/WhatsApp-Image-2024-04-26-at-10.42.45-1-768x778.jpeg\" alt=\"WhatsApp Image 2024-04-26 at 10.42.45\" \/><\/figure><\/div>\t\t\t<\/div>\n\t\t\t\t\t\t\t\t\t\t\t\t<div class=\"elementor-swiper-button elementor-swiper-button-prev\" role=\"button\" tabindex=\"0\">\n\t\t\t\t\t\t<svg aria-hidden=\"true\" class=\"e-font-icon-svg e-eicon-chevron-left\" viewBox=\"0 0 1000 1000\" xmlns=\"http:\/\/www.w3.org\/2000\/svg\"><path d=\"M646 125C629 125 613 133 604 142L308 442C296 454 292 471 292 487 292 504 296 521 308 533L604 854C617 867 629 875 646 875 663 875 679 871 692 858 704 846 713 829 713 812 713 796 708 779 692 767L438 487 692 225C700 217 708 204 708 187 708 171 704 154 692 142 675 129 663 125 646 125Z\"><\/path><\/svg>\t\t\t\t\t<\/div>\n\t\t\t\t\t<div class=\"elementor-swiper-button elementor-swiper-button-next\" role=\"button\" tabindex=\"0\">\n\t\t\t\t\t\t<svg aria-hidden=\"true\" class=\"e-font-icon-svg e-eicon-chevron-right\" viewBox=\"0 0 1000 1000\" xmlns=\"http:\/\/www.w3.org\/2000\/svg\"><path d=\"M696 533C708 521 713 504 713 487 713 471 708 454 696 446L400 146C388 133 375 125 354 125 338 125 325 129 313 142 300 154 292 171 292 187 292 204 296 221 308 233L563 492 304 771C292 783 288 800 288 817 288 833 296 850 308 863 321 871 338 875 354 875 371 875 388 867 400 854L696 533Z\"><\/path><\/svg>\t\t\t\t\t<\/div>\n\t\t\t\t\n\t\t\t\t\t\t\t\t\t<div class=\"swiper-pagination\"><\/div>\n\t\t\t\t\t\t\t\t\t<\/div>\n\t\t\t\t\t\t<\/div>\n\t\t\t\t\t<\/div>\n\t\t\t\t<\/div>\n\t\t\t\t<\/div>\n\t\t","protected":false},"excerpt":{"rendered":"<p>Pe\u00e7as Termicas Telhas termoac\u00fasticas A alta tecnologia empregada no processo de fabrica\u00e7\u00e3o, resulta em um produto de vanguarda que apresenta in\u00fameras vantagens em rela\u00e7\u00e3o \u00e0s telhas convencionais. Antes de executar o projeto de cobertura de sua obra ou reforma, fale com os profissionais da AZEVEDO e garanta os melhores resultados para o seu investimento. As [&hellip;]<\/p>\n","protected":false},"author":1,"featured_media":127,"parent":0,"menu_order":0,"comment_status":"closed","ping_status":"closed","template":"elementor_header_footer","meta":{"_joinchat":[],"footnotes":""},"class_list":["post-113","page","type-page","status-publish","has-post-thumbnail","hentry"],"_links":{"self":[{"href":"https:\/\/azevedopremoldados.com.br\/index.php?rest_route=\/wp\/v2\/pages\/113","targetHints":{"allow":["GET"]}}],"collection":[{"href":"https:\/\/azevedopremoldados.com.br\/index.php?rest_route=\/wp\/v2\/pages"}],"about":[{"href":"https:\/\/azevedopremoldados.com.br\/index.php?rest_route=\/wp\/v2\/types\/page"}],"author":[{"embeddable":true,"href":"https:\/\/azevedopremoldados.com.br\/index.php?rest_route=\/wp\/v2\/users\/1"}],"replies":[{"embeddable":true,"href":"https:\/\/azevedopremoldados.com.br\/index.php?rest_route=%2Fwp%2Fv2%2Fcomments&post=113"}],"version-history":[{"count":42,"href":"https:\/\/azevedopremoldados.com.br\/index.php?rest_route=\/wp\/v2\/pages\/113\/revisions"}],"predecessor-version":[{"id":804,"href":"https:\/\/azevedopremoldados.com.br\/index.php?rest_route=\/wp\/v2\/pages\/113\/revisions\/804"}],"wp:featuredmedia":[{"embeddable":true,"href":"https:\/\/azevedopremoldados.com.br\/index.php?rest_route=\/wp\/v2\/media\/127"}],"wp:attachment":[{"href":"https:\/\/azevedopremoldados.com.br\/index.php?rest_route=%2Fwp%2Fv2%2Fmedia&parent=113"}],"curies":[{"name":"wp","href":"https:\/\/api.w.org\/{rel}","templated":true}]}}