{"id":128,"date":"2024-02-12T16:20:46","date_gmt":"2024-02-12T19:20:46","guid":{"rendered":"http:\/\/azevedopremoldados.com.br\/site\/?page_id=128"},"modified":"2024-04-29T19:19:57","modified_gmt":"2024-04-29T22:19:57","slug":"paineis_us","status":"publish","type":"page","link":"https:\/\/azevedopremoldados.com.br\/?page_id=128","title":{"rendered":"Pain\u00e9is ICF"},"content":{"rendered":"\t\t<div data-elementor-type=\"wp-page\" data-elementor-id=\"128\" class=\"elementor elementor-128\" data-elementor-post-type=\"page\">\n\t\t\t\t<div class=\"elementor-element elementor-element-d370eb1 e-flex e-con-boxed e-con e-parent\" data-id=\"d370eb1\" data-element_type=\"container\">\n\t\t\t\t\t<div class=\"e-con-inner\">\n\t\t<div class=\"elementor-element elementor-element-ece05f5 e-con-full e-flex e-con e-child\" data-id=\"ece05f5\" data-element_type=\"container\">\n\t\t\t\t<\/div>\n\t\t<div class=\"elementor-element elementor-element-55e21ed e-con-full e-flex e-con e-child\" data-id=\"55e21ed\" data-element_type=\"container\">\n\t\t\t\t<\/div>\n\t\t\t\t\t<\/div>\n\t\t\t\t<\/div>\n\t\t<div class=\"elementor-element elementor-element-c8402ee e-flex e-con-boxed e-con e-parent\" data-id=\"c8402ee\" data-element_type=\"container\">\n\t\t\t\t\t<div class=\"e-con-inner\">\n\t\t<div class=\"elementor-element elementor-element-fb5688c e-con-full e-flex e-con e-child\" data-id=\"fb5688c\" data-element_type=\"container\">\n\t\t\t\t<div class=\"elementor-element elementor-element-97415de elementor-widget elementor-widget-heading\" data-id=\"97415de\" data-element_type=\"widget\" data-widget_type=\"heading.default\">\n\t\t\t\t\t<h2 class=\"elementor-heading-title elementor-size-default\">Pain\u00e9is ICF<\/h2>\t\t\t\t<\/div>\n\t\t\t\t<\/div>\n\t\t<div class=\"elementor-element elementor-element-db4acdd e-con-full e-flex e-con e-child\" data-id=\"db4acdd\" data-element_type=\"container\">\n\t\t\t\t<\/div>\n\t\t\t\t\t<\/div>\n\t\t\t\t<\/div>\n\t\t<div class=\"elementor-element elementor-element-0ce0739 e-flex e-con-boxed e-con e-parent\" data-id=\"0ce0739\" data-element_type=\"container\">\n\t\t\t\t\t<div class=\"e-con-inner\">\n\t\t\t\t<div class=\"elementor-element elementor-element-5dbb4a6 elementor-widget elementor-widget-heading\" data-id=\"5dbb4a6\" data-element_type=\"widget\" data-widget_type=\"heading.default\">\n\t\t\t\t\t<h2 class=\"elementor-heading-title elementor-size-default\">Os Pain\u00e9is Monol\u00edticos<\/h2>\t\t\t\t<\/div>\n\t\t\t\t\t<\/div>\n\t\t\t\t<\/div>\n\t\t<div class=\"elementor-element elementor-element-5e37cec e-flex e-con-boxed e-con e-parent\" data-id=\"5e37cec\" data-element_type=\"container\">\n\t\t\t\t\t<div class=\"e-con-inner\">\n\t\t\t\t<div class=\"elementor-element elementor-element-a99fed7 elementor-widget elementor-widget-text-editor\" data-id=\"a99fed7\" data-element_type=\"widget\" data-widget_type=\"text-editor.default\">\n\t\t\t\t\t\t\t\t\t<p>Os pain\u00e9is monol\u00edticos s\u00e3o fabricadas com telas de a\u00e7o e placas de EPS, podendo ser estruturais ou de veda\u00e7\u00e3o.<\/p><p>Utilizando-se o sistema \u201cestrutural\u201d, que consiste em placas EPS com 16 kg\/m\u00b3 e malhas de a\u00e7o com 4,2 mm, \u00e9 poss\u00edvel diminuir o custo total da obra, pois n\u00e3o \u00e9 necess\u00e1ria, na maioria dos casos, a instala\u00e7\u00e3o de pilares ou vigas. As paredes estruturais possuem entr\u00e2ncias no EPS que, conjugando as malhas de a\u00e7o com a argamassa estrutural, proporcionam a cria\u00e7\u00e3o de micro colunas em toda a exten\u00e7\u00e3o da parede, conferindo alta performance estrutural ao sistema.<\/p><p>Muito utilizadas na constru\u00e7\u00e3o de edif\u00edcios, resid\u00eancias, escrit\u00f3rios e ind\u00fastrias, o sistema construtivo com paredes de EPS pode ser utilizado em conjunto com a forma tradicional de constru\u00e7\u00e3o, permitindo que seja aplicado em um sistema misto. Neste caso as paredes de EPS s\u00e3o utilizadas em substitui\u00e7\u00e3o aos tijolos cer\u00e2micos ou blocos de cimento, recebendo a nomenclatura de paredes de \u201cveda\u00e7\u00e3o\u201d.<\/p><p>Os pain\u00e9is monol\u00edticos podem ser instaladas pelo profissional da constru\u00e7\u00e3o sem nenhum tipo de dificuldade ou adversidade. Al\u00e9m de propiciar um custo reduzido no total da obra, o sistema agrega um maior conforto t\u00e9rmico e ac\u00fastico na constru\u00e7\u00e3o.<\/p><p>Com os pain\u00e9is monol\u00edticos \u00e9 poss\u00edvel construir at\u00e9 tr\u00eas andares sem necessidade de coloca\u00e7\u00e3o de vigas. As paredes podem chegar \u00e0 doze metros cada sem a necessidade de utiliza\u00e7\u00e3o de pilares, ao contr\u00e1rio da constru\u00e7\u00e3o convencional onde \u00e9 necess\u00e1rio um pilar a cada cinco metros.<br \/>A Isoalfa fabrica os pain\u00e9is na medida exata da altura das paredes, evitando o desperd\u00edcio de produto e o pagamento por material desnecess\u00e1rio.<\/p>\t\t\t\t\t\t\t\t<\/div>\n\t\t\t\t\t<\/div>\n\t\t\t\t<\/div>\n\t\t<div class=\"elementor-element elementor-element-2464148 e-flex e-con-boxed e-con e-parent\" data-id=\"2464148\" data-element_type=\"container\">\n\t\t\t\t\t<div class=\"e-con-inner\">\n\t\t<div class=\"elementor-element elementor-element-7fc6f5b e-flex e-con-boxed e-con e-child\" data-id=\"7fc6f5b\" data-element_type=\"container\">\n\t\t\t\t\t<div class=\"e-con-inner\">\n\t\t\t\t<div class=\"elementor-element elementor-element-c6c9db3 elementor--h-position-center elementor--v-position-middle elementor-arrows-position-inside elementor-widget elementor-widget-slides\" data-id=\"c6c9db3\" data-element_type=\"widget\" data-settings=\"{&quot;navigation&quot;:&quot;arrows&quot;,&quot;autoplay&quot;:&quot;yes&quot;,&quot;pause_on_hover&quot;:&quot;yes&quot;,&quot;pause_on_interaction&quot;:&quot;yes&quot;,&quot;autoplay_speed&quot;:5000,&quot;infinite&quot;:&quot;yes&quot;,&quot;transition&quot;:&quot;slide&quot;,&quot;transition_speed&quot;:500}\" data-widget_type=\"slides.default\">\n\t\t\t\t<div class=\"elementor-widget-container\">\n\t\t\t\t\t\t\t<div class=\"elementor-swiper\">\n\t\t\t<div class=\"elementor-slides-wrapper elementor-main-swiper swiper-container\" dir=\"ltr\" data-animation=\"fadeInUp\">\n\t\t\t\t<div class=\"swiper-wrapper elementor-slides\">\n\t\t\t\t\t\t\t\t\t\t<div class=\"elementor-repeater-item-6cce6bc swiper-slide\"><div class=\"swiper-slide-bg\" role=\"img\"><\/div><div class=\"swiper-slide-inner\" ><div class=\"swiper-slide-contents\"><\/div><\/div><\/div><div class=\"elementor-repeater-item-ce7ed25 swiper-slide\"><div class=\"swiper-slide-bg\" role=\"img\"><\/div><div class=\"swiper-slide-inner\" ><div class=\"swiper-slide-contents\"><\/div><\/div><\/div><div class=\"elementor-repeater-item-7a4d41d swiper-slide\"><div class=\"swiper-slide-bg\" role=\"img\"><\/div><div class=\"swiper-slide-inner\" ><div class=\"swiper-slide-contents\"><\/div><\/div><\/div><div class=\"elementor-repeater-item-8bb9a13 swiper-slide\"><div class=\"swiper-slide-bg\" role=\"img\"><\/div><div class=\"swiper-slide-inner\" ><div class=\"swiper-slide-contents\"><\/div><\/div><\/div><div class=\"elementor-repeater-item-ff67661 swiper-slide\"><div class=\"swiper-slide-bg\" role=\"img\"><\/div><div class=\"swiper-slide-inner\" ><div class=\"swiper-slide-contents\"><\/div><\/div><\/div><div class=\"elementor-repeater-item-bbe6f82 swiper-slide\"><div class=\"swiper-slide-bg\" role=\"img\"><\/div><div class=\"swiper-slide-inner\" ><div class=\"swiper-slide-contents\"><\/div><\/div><\/div><div class=\"elementor-repeater-item-388b3b4 swiper-slide\"><div class=\"swiper-slide-bg\" role=\"img\"><\/div><div class=\"swiper-slide-inner\" ><div class=\"swiper-slide-contents\"><\/div><\/div><\/div><div class=\"elementor-repeater-item-9ec4b76 swiper-slide\"><div class=\"swiper-slide-bg\" role=\"img\"><\/div><div class=\"swiper-slide-inner\" ><div class=\"swiper-slide-contents\"><\/div><\/div><\/div><div class=\"elementor-repeater-item-2bc6eff swiper-slide\"><div class=\"swiper-slide-bg\" role=\"img\"><\/div><div class=\"swiper-slide-inner\" ><div class=\"swiper-slide-contents\"><\/div><\/div><\/div><div class=\"elementor-repeater-item-e8392c7 swiper-slide\"><div class=\"swiper-slide-bg\" role=\"img\"><\/div><div class=\"swiper-slide-inner\" ><div class=\"swiper-slide-contents\"><\/div><\/div><\/div><div class=\"elementor-repeater-item-1fce808 swiper-slide\"><div class=\"swiper-slide-bg\" role=\"img\"><\/div><div class=\"swiper-slide-inner\" ><div class=\"swiper-slide-contents\"><\/div><\/div><\/div><div class=\"elementor-repeater-item-98a7aa1 swiper-slide\"><div class=\"swiper-slide-bg\" role=\"img\"><\/div><div class=\"swiper-slide-inner\" ><div class=\"swiper-slide-contents\"><\/div><\/div><\/div><div class=\"elementor-repeater-item-e2e335c swiper-slide\"><div class=\"swiper-slide-bg\" role=\"img\"><\/div><div class=\"swiper-slide-inner\" ><div class=\"swiper-slide-contents\"><\/div><\/div><\/div>\t\t\t\t<\/div>\n\t\t\t\t\t\t\t\t\t\t\t\t\t\t\t\t\t\t\t\t<div class=\"elementor-swiper-button elementor-swiper-button-prev\" role=\"button\" tabindex=\"0\">\n\t\t\t\t\t\t\t<svg aria-hidden=\"true\" class=\"e-font-icon-svg e-eicon-chevron-left\" viewBox=\"0 0 1000 1000\" xmlns=\"http:\/\/www.w3.org\/2000\/svg\"><path d=\"M646 125C629 125 613 133 604 142L308 442C296 454 292 471 292 487 292 504 296 521 308 533L604 854C617 867 629 875 646 875 663 875 679 871 692 858 704 846 713 829 713 812 713 796 708 779 692 767L438 487 692 225C700 217 708 204 708 187 708 171 704 154 692 142 675 129 663 125 646 125Z\"><\/path><\/svg>\t\t\t\t\t\t\t<span class=\"elementor-screen-only\">Previous slide<\/span>\n\t\t\t\t\t\t<\/div>\n\t\t\t\t\t\t<div class=\"elementor-swiper-button elementor-swiper-button-next\" role=\"button\" tabindex=\"0\">\n\t\t\t\t\t\t\t<svg aria-hidden=\"true\" class=\"e-font-icon-svg e-eicon-chevron-right\" viewBox=\"0 0 1000 1000\" xmlns=\"http:\/\/www.w3.org\/2000\/svg\"><path d=\"M696 533C708 521 713 504 713 487 713 471 708 454 696 446L400 146C388 133 375 125 354 125 338 125 325 129 313 142 300 154 292 171 292 187 292 204 296 221 308 233L563 492 304 771C292 783 288 800 288 817 288 833 296 850 308 863 321 871 338 875 354 875 371 875 388 867 400 854L696 533Z\"><\/path><\/svg>\t\t\t\t\t\t\t<span class=\"elementor-screen-only\">Next slide<\/span>\n\t\t\t\t\t\t<\/div>\n\t\t\t\t\t\t\t\t\t\t\t\t<\/div>\n\t\t<\/div>\n\t\t\t\t\t\t<\/div>\n\t\t\t\t<\/div>\n\t\t\t\t\t<\/div>\n\t\t\t\t<\/div>\n\t\t\t\t\t<\/div>\n\t\t\t\t<\/div>\n\t\t\t\t<\/div>\n\t\t","protected":false},"excerpt":{"rendered":"<p>Pain\u00e9is ICF Os Pain\u00e9is Monol\u00edticos Os pain\u00e9is monol\u00edticos s\u00e3o fabricadas com telas de a\u00e7o e placas de EPS, podendo ser estruturais ou de veda\u00e7\u00e3o. Utilizando-se o sistema \u201cestrutural\u201d, que consiste em placas EPS com 16 kg\/m\u00b3 e malhas de a\u00e7o com 4,2 mm, \u00e9 poss\u00edvel diminuir o custo total da obra, pois n\u00e3o \u00e9 necess\u00e1ria, [&hellip;]<\/p>\n","protected":false},"author":1,"featured_media":148,"parent":0,"menu_order":0,"comment_status":"closed","ping_status":"closed","template":"elementor_header_footer","meta":{"_joinchat":[],"footnotes":""},"class_list":["post-128","page","type-page","status-publish","has-post-thumbnail","hentry"],"_links":{"self":[{"href":"https:\/\/azevedopremoldados.com.br\/index.php?rest_route=\/wp\/v2\/pages\/128","targetHints":{"allow":["GET"]}}],"collection":[{"href":"https:\/\/azevedopremoldados.com.br\/index.php?rest_route=\/wp\/v2\/pages"}],"about":[{"href":"https:\/\/azevedopremoldados.com.br\/index.php?rest_route=\/wp\/v2\/types\/page"}],"author":[{"embeddable":true,"href":"https:\/\/azevedopremoldados.com.br\/index.php?rest_route=\/wp\/v2\/users\/1"}],"replies":[{"embeddable":true,"href":"https:\/\/azevedopremoldados.com.br\/index.php?rest_route=%2Fwp%2Fv2%2Fcomments&post=128"}],"version-history":[{"count":15,"href":"https:\/\/azevedopremoldados.com.br\/index.php?rest_route=\/wp\/v2\/pages\/128\/revisions"}],"predecessor-version":[{"id":801,"href":"https:\/\/azevedopremoldados.com.br\/index.php?rest_route=\/wp\/v2\/pages\/128\/revisions\/801"}],"wp:featuredmedia":[{"embeddable":true,"href":"https:\/\/azevedopremoldados.com.br\/index.php?rest_route=\/wp\/v2\/media\/148"}],"wp:attachment":[{"href":"https:\/\/azevedopremoldados.com.br\/index.php?rest_route=%2Fwp%2Fv2%2Fmedia&parent=128"}],"curies":[{"name":"wp","href":"https:\/\/api.w.org\/{rel}","templated":true}]}}