{"id":275,"date":"2024-02-12T16:26:17","date_gmt":"2024-02-12T19:26:17","guid":{"rendered":"http:\/\/azevedopremoldados.com.br\/site\/?page_id=275"},"modified":"2024-04-19T11:15:08","modified_gmt":"2024-04-19T14:15:08","slug":"home-2","status":"publish","type":"page","link":"https:\/\/azevedopremoldados.com.br\/","title":{"rendered":"Home"},"content":{"rendered":"\t\t<div data-elementor-type=\"wp-page\" data-elementor-id=\"275\" class=\"elementor elementor-275\" data-elementor-post-type=\"page\">\n\t\t\t\t<div class=\"elementor-element elementor-element-b9a6265 e-flex e-con-boxed e-con e-parent\" data-id=\"b9a6265\" data-element_type=\"container\">\n\t\t\t\t\t<div class=\"e-con-inner\">\n\t\t<div class=\"elementor-element elementor-element-4945c08 e-con-full e-flex e-con e-child\" data-id=\"4945c08\" data-element_type=\"container\">\n\t\t\t\t<\/div>\n\t\t<div class=\"elementor-element elementor-element-cbb7527 e-con-full e-flex e-con e-child\" data-id=\"cbb7527\" data-element_type=\"container\">\n\t\t\t\t<\/div>\n\t\t\t\t\t<\/div>\n\t\t\t\t<\/div>\n\t\t<div class=\"elementor-element elementor-element-a068ce4 e-con-full e-flex e-con e-parent\" data-id=\"a068ce4\" data-element_type=\"container\">\n\t\t\t\t<div class=\"elementor-element elementor-element-e6bb3c3 elementor-widget__width-inherit elementor-widget elementor-widget-htslider-slider-addons\" data-id=\"e6bb3c3\" data-element_type=\"widget\" data-widget_type=\"htslider-slider-addons.default\">\n\t\t\t\t<div class=\"elementor-widget-container\">\n\t\t\t\t\t            <div class=\"htslider-slider-area navigation-style-1 loading\" >\n                <div class=\"slider-area htslider-slider\" data-settings=\"{&quot;arrows&quot;:true,&quot;dots&quot;:false,&quot;autoplay&quot;:true,&quot;autoplay_speed&quot;:5000,&quot;animation_speed&quot;:300,&quot;pause_on_hover&quot;:true,&quot;pause_on_dragging&quot;:true,&quot;product_items&quot;:1,&quot;scroll_columns&quot;:1,&quot;tablet_width&quot;:750,&quot;tablet_display_columns&quot;:1,&quot;tablet_scroll_columns&quot;:1,&quot;mobile_width&quot;:480,&quot;mobile_display_columns&quot;:1,&quot;mobile_scroll_columns&quot;:1}\" >\n                                            <div class=\"slingle-slider\">\n                            \t\t<div data-elementor-type=\"wp-post\" data-elementor-id=\"397\" class=\"elementor elementor-397\" data-elementor-post-type=\"htslider_slider\">\n\t\t\t\t<div class=\"elementor-element elementor-element-e6c720c e-flex e-con-boxed e-con e-parent\" data-id=\"e6c720c\" data-element_type=\"container\" data-settings=\"{&quot;background_background&quot;:&quot;classic&quot;}\">\n\t\t\t\t\t<div class=\"e-con-inner\">\n\t\t<div class=\"elementor-element elementor-element-9265e5b e-con-full e-flex elementor-invisible e-con e-child\" data-id=\"9265e5b\" data-element_type=\"container\" data-settings=\"{&quot;animation&quot;:&quot;fadeInLeft&quot;}\">\n\t\t\t\t<div class=\"elementor-element elementor-element-4ff7e8c elementor-widget elementor-widget-heading\" data-id=\"4ff7e8c\" data-element_type=\"widget\" data-widget_type=\"heading.default\">\n\t\t\t\t\t<h1 class=\"elementor-heading-title elementor-size-default\"><b>Azevedo pr\u00e9 moldados<\/b><\/h1>\t\t\t\t<\/div>\n\t\t\t\t<div class=\"elementor-element elementor-element-e677d4f elementor-widget elementor-widget-text-editor\" data-id=\"e677d4f\" data-element_type=\"widget\" data-widget_type=\"text-editor.default\">\n\t\t\t\t\t\t\t\t\t<p>Uma empresa que cresceu gra\u00e7as a for\u00e7a o trabalho e apoio de nossos parceiros, amigos e colaboradores. Hoje j\u00e1 estamos atendendo o estado de Mato Grosso do Sul!<\/p>\t\t\t\t\t\t\t\t<\/div>\n\t\t\t\t<div class=\"elementor-element elementor-element-c8eb6f8 elementor-widget elementor-widget-text-editor\" data-id=\"c8eb6f8\" data-element_type=\"widget\" data-widget_type=\"text-editor.default\">\n\t\t\t\t\t\t\t\t\t<p>N\u00e3o trabalhos apenas com Pr\u00e9-Moldados, hoje fabricamos mais de 10 produtos na linha de isopor al\u00e9m de trabalharmos com EPS.<\/p>\t\t\t\t\t\t\t\t<\/div>\n\t\t\t\t<div class=\"elementor-element elementor-element-d24cdc7 elementor-widget elementor-widget-heading\" data-id=\"d24cdc7\" data-element_type=\"widget\" data-widget_type=\"heading.default\">\n\t\t\t\t\t<p class=\"elementor-heading-title elementor-size-default\"><p>Solicite agora um or\u00e7amento!<\/p><\/p>\t\t\t\t<\/div>\n\t\t\t\t<\/div>\n\t\t<div class=\"elementor-element elementor-element-8e7f3bf e-con-full e-flex elementor-invisible e-con e-child\" data-id=\"8e7f3bf\" data-element_type=\"container\" data-settings=\"{&quot;animation&quot;:&quot;fadeInRight&quot;}\">\n\t\t\t\t<div class=\"elementor-element elementor-element-b05b2fd elementor-widget elementor-widget-image\" data-id=\"b05b2fd\" data-element_type=\"widget\" data-widget_type=\"image.default\">\n\t\t\t\t\t\t\t\t\t\t\t\t\t\t\t<img fetchpriority=\"high\" decoding=\"async\" width=\"800\" height=\"552\" src=\"https:\/\/azevedopremoldados.com.br\/wp-content\/uploads\/2024\/03\/logo_site-1024x707.png\" class=\"attachment-large size-large wp-image-401\" alt=\"\" srcset=\"https:\/\/azevedopremoldados.com.br\/wp-content\/uploads\/2024\/03\/logo_site-1024x707.png 1024w, https:\/\/azevedopremoldados.com.br\/wp-content\/uploads\/2024\/03\/logo_site-300x207.png 300w, https:\/\/azevedopremoldados.com.br\/wp-content\/uploads\/2024\/03\/logo_site-768x530.png 768w, https:\/\/azevedopremoldados.com.br\/wp-content\/uploads\/2024\/03\/logo_site-1536x1060.png 1536w, https:\/\/azevedopremoldados.com.br\/wp-content\/uploads\/2024\/03\/logo_site-200x138.png 200w, https:\/\/azevedopremoldados.com.br\/wp-content\/uploads\/2024\/03\/logo_site.png 1630w\" sizes=\"(max-width: 800px) 100vw, 800px\" \/>\t\t\t\t\t\t\t\t\t\t\t\t\t\t\t<\/div>\n\t\t\t\t<\/div>\n\t\t\t\t\t<\/div>\n\t\t\t\t<\/div>\n\t\t\t\t<\/div>\n\t\t                        <\/div>\n                                            <div class=\"slingle-slider\">\n                            \t\t<div data-elementor-type=\"wp-post\" data-elementor-id=\"411\" class=\"elementor elementor-411\" data-elementor-post-type=\"htslider_slider\">\n\t\t\t\t<div class=\"elementor-element elementor-element-23a2c53 e-flex e-con-boxed e-con e-parent\" data-id=\"23a2c53\" data-element_type=\"container\" data-settings=\"{&quot;background_background&quot;:&quot;classic&quot;}\">\n\t\t\t\t\t<div class=\"e-con-inner\">\n\t\t<div class=\"elementor-element elementor-element-30d957ff e-con-full e-flex elementor-invisible e-con e-child\" data-id=\"30d957ff\" data-element_type=\"container\" data-settings=\"{&quot;animation&quot;:&quot;fadeInLeft&quot;}\">\n\t\t\t\t<div class=\"elementor-element elementor-element-d594810 elementor-widget elementor-widget-heading\" data-id=\"d594810\" data-element_type=\"widget\" data-widget_type=\"heading.default\">\n\t\t\t\t\t<h1 class=\"elementor-heading-title elementor-size-default\"><b>EPS<\/b><\/h1>\t\t\t\t<\/div>\n\t\t\t\t<div class=\"elementor-element elementor-element-58227f6b elementor-widget elementor-widget-text-editor\" data-id=\"58227f6b\" data-element_type=\"widget\" data-widget_type=\"text-editor.default\">\n\t\t\t\t\t\t\t\t\t<p>A constru\u00e7\u00e3o civil vem cada vez mais avan\u00e7ando e se recriando, o EPS j\u00e1 se tornou uma economia real a cada dia na vida de construtoras e empreendedores!<\/p>\t\t\t\t\t\t\t\t<\/div>\n\t\t\t\t<div class=\"elementor-element elementor-element-979d858 elementor-widget elementor-widget-text-editor\" data-id=\"979d858\" data-element_type=\"widget\" data-widget_type=\"text-editor.default\">\n\t\t\t\t\t\t\t\t\t<p>Temos os melhores parceiros para frnecer o EPS e fornecemos toda m\u00e3o de obra na instala\u00e7\u00e3o e aplica\u00e7\u00e3o do inicia ao fim da obra!<\/p>\t\t\t\t\t\t\t\t<\/div>\n\t\t\t\t<div class=\"elementor-element elementor-element-41af90a2 elementor-widget elementor-widget-heading\" data-id=\"41af90a2\" data-element_type=\"widget\" data-widget_type=\"heading.default\">\n\t\t\t\t\t<p class=\"elementor-heading-title elementor-size-default\"><p>Saiba mais sobra o EPS<\/p><\/p>\t\t\t\t<\/div>\n\t\t\t\t<\/div>\n\t\t<div class=\"elementor-element elementor-element-100986d9 e-con-full e-flex elementor-invisible e-con e-child\" data-id=\"100986d9\" data-element_type=\"container\" data-settings=\"{&quot;animation&quot;:&quot;fadeInRight&quot;}\">\n\t\t\t\t<div class=\"elementor-element elementor-element-10cc74f9 elementor-widget elementor-widget-image\" data-id=\"10cc74f9\" data-element_type=\"widget\" data-widget_type=\"image.default\">\n\t\t\t\t\t\t\t\t\t\t\t\t\t\t\t<img decoding=\"async\" width=\"617\" height=\"618\" src=\"https:\/\/azevedopremoldados.com.br\/wp-content\/uploads\/2024\/03\/eps.png\" class=\"attachment-large size-large wp-image-384\" alt=\"\" srcset=\"https:\/\/azevedopremoldados.com.br\/wp-content\/uploads\/2024\/03\/eps.png 617w, https:\/\/azevedopremoldados.com.br\/wp-content\/uploads\/2024\/03\/eps-300x300.png 300w, https:\/\/azevedopremoldados.com.br\/wp-content\/uploads\/2024\/03\/eps-150x150.png 150w, https:\/\/azevedopremoldados.com.br\/wp-content\/uploads\/2024\/03\/eps-200x200.png 200w\" sizes=\"(max-width: 617px) 100vw, 617px\" \/>\t\t\t\t\t\t\t\t\t\t\t\t\t\t\t<\/div>\n\t\t\t\t<\/div>\n\t\t\t\t\t<\/div>\n\t\t\t\t<\/div>\n\t\t\t\t<\/div>\n\t\t                        <\/div>\n                                            <div class=\"slingle-slider\">\n                                                    <\/div>\n                                    <\/div>\n                                                    <button type=\"button\" class=\"slick-prev\" style=\"display:none\"><svg aria-hidden=\"true\" class=\"e-font-icon-svg e-fas-arrow-circle-left\" viewBox=\"0 0 512 512\" xmlns=\"http:\/\/www.w3.org\/2000\/svg\"><path d=\"M256 504C119 504 8 393 8 256S119 8 256 8s248 111 248 248-111 248-248 248zm28.9-143.6L209.4 288H392c13.3 0 24-10.7 24-24v-16c0-13.3-10.7-24-24-24H209.4l75.5-72.4c9.7-9.3 9.9-24.8.4-34.3l-11-10.9c-9.4-9.4-24.6-9.4-33.9 0L107.7 239c-9.4 9.4-9.4 24.6 0 33.9l132.7 132.7c9.4 9.4 24.6 9.4 33.9 0l11-10.9c9.5-9.5 9.3-25-.4-34.3z\"><\/path><\/svg><\/button>\n                \n                                    <button type=\"button\" class=\"slick-next\" style=\"display:none\"><svg aria-hidden=\"true\" class=\"e-font-icon-svg e-fas-arrow-circle-right\" viewBox=\"0 0 512 512\" xmlns=\"http:\/\/www.w3.org\/2000\/svg\"><path d=\"M256 8c137 0 248 111 248 248S393 504 256 504 8 393 8 256 119 8 256 8zm-28.9 143.6l75.5 72.4H120c-13.3 0-24 10.7-24 24v16c0 13.3 10.7 24 24 24h182.6l-75.5 72.4c-9.7 9.3-9.9 24.8-.4 34.3l11 10.9c9.4 9.4 24.6 9.4 33.9 0L404.3 273c9.4-9.4 9.4-24.6 0-33.9L271.6 106.3c-9.4-9.4-24.6-9.4-33.9 0l-11 10.9c-9.5 9.6-9.3 25.1.4 34.4z\"><\/path><\/svg><\/button>\n                            <\/div>\n\n\n\n        \t\t\t\t<\/div>\n\t\t\t\t<\/div>\n\t\t\t\t<\/div>\n\t\t\t\t<section class=\"elementor-section elementor-top-section elementor-element elementor-element-d8bb9d4 elementor-section-height-min-height elementor-section-boxed elementor-section-height-default elementor-section-items-middle\" data-id=\"d8bb9d4\" data-element_type=\"section\">\n\t\t\t\t\t\t<div class=\"elementor-container elementor-column-gap-default\">\n\t\t\t\t\t<div class=\"elementor-column elementor-col-100 elementor-top-column elementor-element elementor-element-5a46ccd2\" data-id=\"5a46ccd2\" data-element_type=\"column\">\n\t\t\t<div class=\"elementor-widget-wrap elementor-element-populated\">\n\t\t\t\t\t\t<div class=\"elementor-element elementor-element-7c12c634 elementor-view-default elementor-widget elementor-widget-icon\" data-id=\"7c12c634\" data-element_type=\"widget\" data-widget_type=\"icon.default\">\n\t\t\t\t\t\t\t<div class=\"elementor-icon-wrapper\">\n\t\t\t<div class=\"elementor-icon\">\n\t\t\t<svg xmlns=\"http:\/\/www.w3.org\/2000\/svg\" xmlns:xlink=\"http:\/\/www.w3.org\/1999\/xlink\" width=\"43px\" height=\"93px\" viewBox=\"0 0 43 93\"><title>Combined Shape<\/title><desc>Created with Sketch.<\/desc><defs><linearGradient x1=\"53.7525337%\" y1=\"0%\" x2=\"50%\" y2=\"100%\" id=\"linearGradient-1\"><stop stop-color=\"#B7B7B7\" offset=\"0%\"><\/stop><stop stop-color=\"#FFFFFF\" offset=\"100%\"><\/stop><\/linearGradient><\/defs><g id=\"Website-Chosen-Pages\" stroke=\"none\" stroke-width=\"1\" fill=\"none\" fill-rule=\"evenodd\"><g id=\"Home-Page-\" transform=\"translate(-929.000000, -2726.000000)\" stroke=\"url(#linearGradient-1)\" stroke-width=\"2\"><g transform=\"translate(561.000000, 2726.000000)\"><path d=\"M389.5,0 L389.5,93 M369.5,57.3081081 L369.5,93 M399.5,31.6702703 L399.5,93 M409.5,57.3081081 L409.5,93 M379.5,21.6162162 L379.5,93\" id=\"Combined-Shape\"><\/path><\/g><\/g><\/g><\/svg>\t\t\t<\/div>\n\t\t<\/div>\n\t\t\t\t\t\t<\/div>\n\t\t\t\t<div class=\"elementor-element elementor-element-70085ed3 elementor-widget elementor-widget-heading\" data-id=\"70085ed3\" data-element_type=\"widget\" data-widget_type=\"heading.default\">\n\t\t\t\t\t<h2 class=\"elementor-heading-title elementor-size-default\">Quem somos<\/h2>\t\t\t\t<\/div>\n\t\t\t\t<div class=\"elementor-element elementor-element-73f22214 elementor-widget elementor-widget-text-editor\" data-id=\"73f22214\" data-element_type=\"widget\" data-widget_type=\"text-editor.default\">\n\t\t\t\t\t\t\t\t\t<p>Azevedo Servi\u00e7os, fundada em 1998, inicialmente atendiamos apenas a constru\u00e7\u00e3o civil, focando na instala\u00e7\u00e3o de molduras. Com a crescente demanda do mercado, expandimos nossos horizontes, ampliando nossa gama de produtos e servi\u00e7os. Hoje, com duas filiais em opera\u00e7\u00e3o, buscamos atender diversos segmentos, desde papelaria at\u00e9 estofados e colch\u00f5es, passando por embalagens e isolamento t\u00e9rmico e ac\u00fastico para a constru\u00e7\u00e3o civil.<\/p><p>Desde o in\u00edcio, nossa jornada foi pautada pela busca incessante pela excel\u00eancia e pela satisfa\u00e7\u00e3o do cliente. O que come\u00e7ou como um servi\u00e7o especializado em molduras, evoluiu para uma empresa que fabrica uma variedade de produtos, incluindo pain\u00e9is monol\u00edticos em ICF, al\u00e9m de oferecer solu\u00e7\u00f5es sob medida na \u00e1rea de recortes ou moldados.<\/p><p>Nosso compromisso com a qualidade e a inova\u00e7\u00e3o nos impulsiona a continuar crescendo e diversificando nossos servi\u00e7os, sempre com foco em atender \u00e0s necessidades em constante evolu\u00e7\u00e3o dos nossos clientes. A hist\u00f3ria da Azevedo Servi\u00e7os \u00e9 marcada pela determina\u00e7\u00e3o em acompanhar as mudan\u00e7as do mercado e pela capacidade de nos reinventarmos para oferecer as melhores solu\u00e7\u00f5es em cada segmento que atuamos.<\/p><p>Fabricamos pain\u00e9is monol\u00edticos com diversas medidas e cantos interligados<\/p><p>Tamb\u00e9m temos nossa pr\u00f3pria fabrica\u00e7\u00e3o de blocos de iCF com medidas especiais atendendo normas e regulamento da constru\u00e7\u00e3o civil<\/p>\t\t\t\t\t\t\t\t<\/div>\n\t\t\t\t\t<\/div>\n\t\t<\/div>\n\t\t\t\t\t<\/div>\n\t\t<\/section>\n\t\t\t\t<section class=\"elementor-section elementor-top-section elementor-element elementor-element-7d95d7f elementor-section-full_width elementor-section-height-default elementor-section-height-default\" data-id=\"7d95d7f\" data-element_type=\"section\" data-settings=\"{&quot;background_background&quot;:&quot;classic&quot;}\">\n\t\t\t\t\t\t<div class=\"elementor-container elementor-column-gap-default\">\n\t\t\t\t\t<div class=\"elementor-column elementor-col-100 elementor-top-column elementor-element elementor-element-24066c8a\" data-id=\"24066c8a\" data-element_type=\"column\">\n\t\t\t<div class=\"elementor-widget-wrap elementor-element-populated\">\n\t\t\t\t\t\t<div class=\"elementor-element elementor-element-62543fec elementor--h-position-center elementor--v-position-middle elementor-pagination-position-inside elementor-widget elementor-widget-slides\" data-id=\"62543fec\" data-element_type=\"widget\" data-settings=\"{&quot;navigation&quot;:&quot;dots&quot;,&quot;autoplay_speed&quot;:&quot;3500&quot;,&quot;transition_speed&quot;:&quot;950&quot;,&quot;autoplay&quot;:&quot;yes&quot;,&quot;infinite&quot;:&quot;yes&quot;,&quot;transition&quot;:&quot;slide&quot;}\" data-widget_type=\"slides.default\">\n\t\t\t\t<div class=\"elementor-widget-container\">\n\t\t\t\t\t\t\t<div class=\"elementor-swiper\">\n\t\t\t<div class=\"elementor-slides-wrapper elementor-main-swiper swiper-container\" dir=\"ltr\" data-animation=\"\">\n\t\t\t\t<div class=\"swiper-wrapper elementor-slides\">\n\t\t\t\t\t\t\t\t\t\t<div class=\"elementor-repeater-item-0de18e3 swiper-slide\"><div class=\"swiper-slide-bg\" role=\"img\"><\/div><div class=\"swiper-slide-inner\" ><div class=\"swiper-slide-contents\"><\/div><\/div><\/div><div class=\"elementor-repeater-item-7a98528 swiper-slide\"><div class=\"swiper-slide-bg\" role=\"img\"><\/div><div class=\"swiper-slide-inner\" ><div class=\"swiper-slide-contents\"><\/div><\/div><\/div><div class=\"elementor-repeater-item-2eea257 swiper-slide\"><div class=\"swiper-slide-bg\" role=\"img\"><\/div><div class=\"swiper-slide-inner\" ><div class=\"swiper-slide-contents\"><\/div><\/div><\/div>\t\t\t\t<\/div>\n\t\t\t\t\t\t\t\t\t\t\t\t\t\t\t<div class=\"swiper-pagination\"><\/div>\n\t\t\t\t\t\t\t\t\t\t\t\t\t\t\t\t\t<\/div>\n\t\t<\/div>\n\t\t\t\t\t\t<\/div>\n\t\t\t\t<\/div>\n\t\t\t\t\t<\/div>\n\t\t<\/div>\n\t\t\t\t\t<\/div>\n\t\t<\/section>\n\t\t\t\t<section class=\"elementor-section elementor-top-section elementor-element elementor-element-dbc74af elementor-section-height-min-height elementor-section-boxed elementor-section-height-default elementor-section-items-middle\" data-id=\"dbc74af\" data-element_type=\"section\" id=\"experience\" data-settings=\"{&quot;background_background&quot;:&quot;classic&quot;}\">\n\t\t\t\t\t\t<div class=\"elementor-container elementor-column-gap-default\">\n\t\t\t\t\t<div class=\"elementor-column elementor-col-100 elementor-top-column elementor-element elementor-element-15731569\" data-id=\"15731569\" data-element_type=\"column\">\n\t\t\t<div class=\"elementor-widget-wrap elementor-element-populated\">\n\t\t\t\t\t\t<div class=\"elementor-element elementor-element-2ae41178 elementor-widget elementor-widget-heading\" data-id=\"2ae41178\" data-element_type=\"widget\" data-settings=\"{&quot;motion_fx_motion_fx_scrolling&quot;:&quot;yes&quot;,&quot;motion_fx_devices&quot;:[&quot;desktop&quot;,&quot;tablet&quot;,&quot;mobile&quot;]}\" data-widget_type=\"heading.default\">\n\t\t\t\t\t<h2 class=\"elementor-heading-title elementor-size-default\">quais as Vantagens do EPS na constru\u00e7\u00e3o civil?<\/h2>\t\t\t\t<\/div>\n\t\t\t\t<div class=\"elementor-element elementor-element-7ce7e980 elementor-widget elementor-widget-text-editor\" data-id=\"7ce7e980\" data-element_type=\"widget\" data-widget_type=\"text-editor.default\">\n\t\t\t\t\t\t\t\t\t<p>Uma das principais vantagens do EPS na constru\u00e7\u00e3o civil \u00e9 a sua leveza combinada com uma not\u00e1vel resist\u00eancia estrutural. Por ser composto por cerca de 98% de ar e apenas 2% de poliestireno, o EPS oferece uma excelente rela\u00e7\u00e3o resist\u00eancia-peso, tornando-o ideal para aplica\u00e7\u00f5es em lajes, paredes e funda\u00e7\u00f5es. Sua leveza simplifica o transporte e manuseio, reduzindo os custos operacionais e o tempo de constru\u00e7\u00e3o.<\/p>\t\t\t\t\t\t\t\t<\/div>\n\t\t\t\t\t<\/div>\n\t\t<\/div>\n\t\t\t\t\t<\/div>\n\t\t<\/section>\n\t\t<div class=\"elementor-element elementor-element-23449fa e-flex e-con-boxed e-con e-parent\" data-id=\"23449fa\" data-element_type=\"container\">\n\t\t\t\t\t<div class=\"e-con-inner\">\n\t\t\t\t<div class=\"elementor-element elementor-element-4e95e46 elementor-widget elementor-widget-theme-site-logo elementor-widget-image\" data-id=\"4e95e46\" data-element_type=\"widget\" data-widget_type=\"theme-site-logo.default\">\n\t\t\t\t\t\t\t\t\t\t<div class=\"elementor-image\">\n\t\t\t\t\t\t\t\t<a href=\"https:\/\/azevedopremoldados.com.br\">\n\t\t\t<img decoding=\"async\" width=\"357\" height=\"101\" src=\"https:\/\/azevedopremoldados.com.br\/wp-content\/uploads\/2024\/02\/LOGOPRIN.png\" class=\"attachment-full size-full wp-image-355\" alt=\"\" srcset=\"https:\/\/azevedopremoldados.com.br\/wp-content\/uploads\/2024\/02\/LOGOPRIN.png 357w, https:\/\/azevedopremoldados.com.br\/wp-content\/uploads\/2024\/02\/LOGOPRIN-300x85.png 300w\" sizes=\"(max-width: 357px) 100vw, 357px\" \/>\t\t\t\t<\/a>\n\t\t\t\t\t\t\t\t\t\t<\/div>\n\t\t\t\t\t\t\t\t<\/div>\n\t\t\t\t\t<\/div>\n\t\t\t\t<\/div>\n\t\t\t\t<\/div>\n\t\t","protected":false},"excerpt":{"rendered":"<p>Azevedo pr\u00e9 moldados Uma empresa que cresceu gra\u00e7as a for\u00e7a o trabalho e apoio de nossos parceiros, amigos e colaboradores. Hoje j\u00e1 estamos atendendo o estado de Mato Grosso do Sul! N\u00e3o trabalhos apenas com Pr\u00e9-Moldados, hoje fabricamos mais de 10 produtos na linha de XXXX al\u00e9m de trabalharmos com EPS. Solicite agora um or\u00e7amento! [&hellip;]<\/p>\n","protected":false},"author":1,"featured_media":0,"parent":0,"menu_order":0,"comment_status":"closed","ping_status":"closed","template":"elementor_header_footer","meta":{"_joinchat":[],"footnotes":""},"class_list":["post-275","page","type-page","status-publish","hentry"],"_links":{"self":[{"href":"https:\/\/azevedopremoldados.com.br\/index.php?rest_route=\/wp\/v2\/pages\/275","targetHints":{"allow":["GET"]}}],"collection":[{"href":"https:\/\/azevedopremoldados.com.br\/index.php?rest_route=\/wp\/v2\/pages"}],"about":[{"href":"https:\/\/azevedopremoldados.com.br\/index.php?rest_route=\/wp\/v2\/types\/page"}],"author":[{"embeddable":true,"href":"https:\/\/azevedopremoldados.com.br\/index.php?rest_route=\/wp\/v2\/users\/1"}],"replies":[{"embeddable":true,"href":"https:\/\/azevedopremoldados.com.br\/index.php?rest_route=%2Fwp%2Fv2%2Fcomments&post=275"}],"version-history":[{"count":70,"href":"https:\/\/azevedopremoldados.com.br\/index.php?rest_route=\/wp\/v2\/pages\/275\/revisions"}],"predecessor-version":[{"id":688,"href":"https:\/\/azevedopremoldados.com.br\/index.php?rest_route=\/wp\/v2\/pages\/275\/revisions\/688"}],"wp:attachment":[{"href":"https:\/\/azevedopremoldados.com.br\/index.php?rest_route=%2Fwp%2Fv2%2Fmedia&parent=275"}],"curies":[{"name":"wp","href":"https:\/\/api.w.org\/{rel}","templated":true}]}}